{"id":298,"date":"2020-02-10T19:34:29","date_gmt":"2020-02-10T18:34:29","guid":{"rendered":"https:\/\/www.virtualnyweb.sk\/?page_id=298"},"modified":"2020-02-10T19:34:29","modified_gmt":"2020-02-10T18:34:29","slug":"gdpr","status":"publish","type":"page","link":"https:\/\/www.virtualnyweb.sk\/?page_id=298","title":{"rendered":"GDPR"},"content":{"rendered":"\n<p>Z\u00e1sady ochrany osobn\u00fdch \u00fadajov<\/p>\n\n\n\n<ul><li>Kto sme?<br> Va\u0161e osobn\u00e9 \u00fadaje sprac\u00fava prev\u00e1dzkovate\u013e Internetovej str\u00e1nky:<br> CORP solution spol. s.r.o.<br> I\u010cO: 51 197 944 DI\u010c: 212 0632 239<br> S\u00eddlo: Karpatsk\u00e9 n\u00e1mestie 10A, 831 06 Bratislava &#8211; Ra\u010da (\u010falej len \u201eprev\u00e1dzkovate\u013e\u201c).<br> Kontakt: e-mail: myvrslovakia@gmail.com <\/li><li>Ak\u00e9 osobn\u00e9 \u00fadaje sprac\u00favame?<br> Kontakt<br> Aby ste n\u00e1s mohli skontaktova\u0165 v z\u00e1ujme poskytn\u00fa\u0165 v\u00e1m \u010fal\u0161ie inform\u00e1cie o na\u0161ich slu\u017eb\u00e1ch, pr\u00edpadne aby sme v\u00e1m mohli odpoveda\u0165 na v\u0161etky ot\u00e1zky, sprac\u00favame va\u0161e osobn\u00e9 \u00fadaje v rozsahu: Meno, email a in\u00e9 osobn\u00e9 \u00fadaje, ktor\u00e9 ste n\u00e1m poskytli pri zaslan\u00ed spr\u00e1vy.<br> Registr\u00e1cia<br> Pokia\u013e je tento n\u00e1stroj akt\u00edvny, nev\u00e1hajte vyplni\u0165 registra\u010dn\u00fd formul\u00e1r a prihl\u00e1si\u0165 sa na zasielanie zauj\u00edmav\u00fdch pracovn\u00fdch pon\u00fak. V s\u00favislosti s registr\u00e1ciou, sprac\u00favame va\u0161e osobn\u00e9 \u00fadaje v rozsahu: U\u017e\u00edvate\u013esk\u00e9 meno, email, obrazov\u00e1 podobize\u0148 (fotografia), jazykov\u00e9 znalosti, vek a \u010fal\u0161ie vami poskytnut\u00e9 \u00fadaje.<\/li><li>Na ak\u00fd \u00fa\u010del sprac\u00favame va\u0161e osobn\u00e9 \u00fadaje?<br> Va\u0161e osobn\u00e9 \u00fadaje sprac\u00favame za \u00fa\u010delom poskytnutia inform\u00e1cii , vz\u00e1jomn\u00e9ho kontaktovania, zasielania zauj\u00edmav\u00fdch pon\u00fak a poskytnutia inform\u00e1cii o mo\u017enej<br> obchodnej spolupr\u00e1ci. Va\u0161e \u00fadaje sprac\u00favame teda na z\u00e1klade z\u00e1kona, opr\u00e1vnen\u00e9ho z\u00e1ujmu a v\u00e1\u0161ho dobrovo\u013en\u00e9ho s\u00fahlasu.<\/li><li>Ak\u00fd je n\u00e1\u0161 opr\u00e1vnen\u00fd z\u00e1ujem?<br> V pr\u00edpade ak ste n\u00e1m zaslali vyplnen\u00fd formul\u00e1r prostredn\u00edctvom n\u00e1\u0161ho elektronick\u00e9ho<br> formul\u00e1ra, dovo\u013eujeme si V\u00e1m zasiela\u0165 aktu\u00e1lnu ponuku noviniek, na\u0161ich slu\u017eieb a in\u00fd marketingov\u00fd materi\u00e1l<br> pod\u013ea vami zadan\u00fdch krit\u00e9ri\u00ed alebo v\u00e1s kontaktova\u0165 na z\u00e1klade opr\u00e1vnen\u00e9ho z\u00e1ujmu. T\u00e1to<br> aktivita bezprostredne s\u00favis\u00ed s poskytovan\u00edm na\u0161ich slu\u017eieb a inform\u00e1cii. V tejto s\u00favislosti<br> sprac\u00favame len v\u00e1\u0161 email, u\u017e\u00edvate\u013esk\u00e9 meno, meno, a in\u00e9 vami posk\u00fdtnut\u00e9 inform\u00e1cie.<\/li><li>Ako n\u00e1m m\u00f4\u017eete da\u0165 s\u00fahlas?<br> V\u00e1\u0161 s\u00fahlas so spracovan\u00edm Va\u0161ich osobn\u00fdch \u00fadajov potvrdzujete automaticky odoslan\u00edm kontaktn\u00e9ho formul\u00e1ru.alebo<br> p\u00edsomn\u00fdm vyhl\u00e1sen\u00edm, zaslan\u00fdm na na\u0161u e-mailov\u00fa adresu.<\/li><\/ul>\n\n\n\n<ul><li>Ako m\u00f4\u017eete s\u00fahlas odvola\u0165?<br> S\u00fahlas so sprac\u00favan\u00edm osobn\u00fdch \u00fadajov, ktor\u00fd ste n\u00e1m dali, m\u00f4\u017eete kedyko\u013evek odvola\u0165.<br> S\u00fahlas m\u00f4\u017eete odvola\u0165:<\/li><\/ul>\n\n\n\n<ul><li>zaslan\u00edm ozn\u00e1menia na email: myvrslovakia@gmail.com <\/li><\/ul>\n\n\n\n<ul><li>Komu va\u0161e \u00fadaje poskytujeme?<br> Pri sprac\u00favan\u00ed Va\u0161ich osobn\u00fdch \u00fadajov vyu\u017e\u00edvame aj slu\u017eby preveren\u00fdch a zmluvne<br> zaviazan\u00fdch obchodn\u00fdch partnerov, ktor\u00ed n\u00e1m pom\u00e1haj\u00fa sprac\u00fava\u0165 a chr\u00e1ni\u0165 Va\u0161e osobn\u00e9<br> \u00fadaje v pr\u00edpade vz\u00e1jomnej dohody. Za \u00fa\u010delom poskytovania na\u0161ich slu\u017eieb poskytujeme<br> osobn\u00e9 \u00fadaje:<\/li><\/ul>\n\n\n\n<ul><li>Extern\u00e9mu \u00fa\u010dtovn\u00edkovi<\/li><li>Extern\u00fdm spolupracovn\u00edkom <\/li><li>Dopravcovi v pr\u00edpade potreby<\/li><\/ul>\n\n\n\n<ul><li>Ako dlho uchov\u00e1vame va\u0161e osobn\u00e9 \u00fadaje?<br> \u00da\u010dtovn\u00edctvo<br> a) \u00da\u010dtovn\u00e9 doklady sa zo z\u00e1kona uchov\u00e1vaj\u00fa po dobu 10 rokov.<br> Registr\u00e1cia<br> a) Zaslan\u00fd registra\u010dn\u00fd formul\u00e1r sa uchov\u00e1vaj\u00fa po dobu jej vybavenia, najviac po dobu 5<br> rokov.<br> Vym\u00e1hanie poh\u013ead\u00e1vok\/S\u00fadne spory<br> a) Dokumenty t\u00fdkaj\u00face sa s\u00fadnych sporov sa uchov\u00e1vaj\u00fa po dobu 10 rokov.<br> Uch\u00e1dza\u010d o ponuku (obchodn\u00fa spolupr\u00e1cu)<br> a) Va\u0161u \u017eiados\u0165 uchov\u00e1vame pokia\u013e sa neskon\u010dil \u00fa\u010del, v s\u00favislosti s ktor\u00fdm ste n\u00e1m dali<br> s\u00fahlas na spracovanie, najviac po dobu 5 rokov.<\/li><li>Kam pren\u00e1\u0161ame va\u0161e osobn\u00e9 \u00fadaje?<br> Osobn\u00e9 \u00fadaje ktor\u00e9 sprac\u00favame za vy\u0161\u0161ie uveden\u00fdmi \u00fa\u010delmi nepren\u00e1\u0161ame do tret\u00edch kraj\u00edn.<\/li><li>Nie ste spokojn\u00fd?<br> Ak nie ste spokojn\u00fd s t\u00fdm, ako sprac\u00favame va\u0161e osobn\u00e9 \u00fadaje, m\u00f4\u017eete n\u00e1m da\u0165 o tom vedie\u0165<br> na email: myvrslovakia@gmail.com<br> Tie\u017e m\u00e1te mo\u017enos\u0165 poda\u0165 s\u0165a\u017enos\u0165 na \u00darad na ochranu osobn\u00fdch \u00fadajov, ak si mysl\u00edte, \u017ee<br> va\u0161e osobn\u00e9 \u00fadaje sprac\u00favame nez\u00e1konne.<\/li><li>Ako sprac\u00favame va\u0161e osobn\u00e9 \u00fadaje?<br> Va\u0161e osobn\u00e9 \u00fadaje sprac\u00favame v elektronickej a listinnej forme, pri\u010dom nevyu\u017e\u00edvame<br> prostriedky automatizovan\u00e9ho individu\u00e1lneho rozhodovania alebo profilovania. Listinn\u00e1<br> forma sprac\u00favania Va\u0161ich osobn\u00fdch \u00fadajov sa vykon\u00e1va len z d\u00f4vodu vedenia \u00fa\u010dtovn\u00edctva a<br> pre potreby vedenia vym\u00e1han\u00ed poh\u013ead\u00e1vok\/s\u00fadnych sporov.<\/li><li>Ako zabezpe\u010d\u00edme ochranu va\u0161ich osobn\u00fdch \u00fadajov?<br> Bezpe\u010dnos\u0165 va\u0161ich osobn\u00fdch \u00fadajov je pre n\u00e1s prvorad\u00e1. Aby sme zabezpe\u010dili ochranu va\u0161ich<br> osobn\u00fdch \u00fadajov, prijali sme potrebn\u00e9 technick\u00e9 a organiza\u010dn\u00e9 opatrenia.<br> Technick\u00e9 prostriedky na sprac\u00favanie osobn\u00fdch \u00fadajov s\u00fa n\u00e1le\u017eite zabezpe\u010den\u00e9 heslami,<br> ktor\u00e9 poznaj\u00fa len opr\u00e1vnen\u00e9 osoby. Tieto technick\u00e9 prostriedky s\u00fa ulo\u017een\u00e9 v na\u0161ich<br> priestoroch, pri\u010dom sa nevyn\u00e1\u0161aj\u00fa ani nepren\u00e1\u0161aj\u00fa. Pr\u00edstup k nim maj\u00fa len poveren\u00e9 osoby,<br> ktor\u00e9 s\u00fa riadne pou\u010den\u00e9, ovl\u00e1daj\u00fa na\u0161u intern\u00e9 predpisy a smernice upravuj\u00face nakladanie<br> s osobn\u00fdmi \u00fadajmi.<\/li><li>Soci\u00e1lne m\u00e9di\u00e1<br> Na\u0161a Internetov\u00e1 str\u00e1nka obsahuje aj funkcie soci\u00e1lnych m\u00e9di\u00ed ako napr. tla\u010didlo \u201eLike\u201c<br> Facebook a in\u00e9 ktor\u00e9 s\u00fa vyu\u017e\u00edvan\u00e9.<\/li><li>Ak\u00e9 m\u00e1te pr\u00e1va pod\u013ea GDPR?<br> a) Pr\u00e1vo na pr\u00edstup k \u00fadajom<br> M\u00e1te pr\u00e1vo vedie\u0165, \u010di sprac\u00favame va\u0161e osobn\u00e9 \u00fadaje. Pokia\u013e tieto sprac\u00favame, m\u00f4\u017eete n\u00e1s<br> po\u017eiada\u0165 o pr\u00edstup k \u00fadajom. Na z\u00e1klade va\u0161ej \u017eiadosti vyd\u00e1me potvrdenie s inform\u00e1ciami<br> o sprac\u00favan\u00ed va\u0161ich osobn\u00fdch \u00fadajov na\u0161ou spolo\u010dnos\u0165ou.<br> b) Pr\u00e1vo na opravu<br> M\u00e1te pr\u00e1vo na to, aby va\u0161e osobn\u00e9 \u00fadaje, ktor\u00e9 sprac\u00favame, boli spr\u00e1vne, \u00fapln\u00e9 a aktu\u00e1lne.<br> Pokia\u013e s\u00fa va\u0161e osobn\u00e9 \u00fadaje nespr\u00e1vne alebo neaktu\u00e1lne, m\u00f4\u017eete n\u00e1s po\u017eiada\u0165 o opravu alebo<br> doplnenie.<br> c) Pr\u00e1vo na vymazanie<br> Za ur\u010dit\u00fdch okolnost\u00ed m\u00e1te pr\u00e1vo, aby sme va\u0161e osobn\u00e9 \u00fadaje vymazali. O vymazanie va\u0161ich<br> \u00fadajov n\u00e1s m\u00f4\u017eete po\u017eiada\u0165 kedyko\u013evek. Va\u0161e osobn\u00e9 \u00fadaje vyma\u017eeme, ak<\/li><\/ul>\n\n\n\n<ul><li>u\u017e va\u0161e osobn\u00e9 \u00fadaje nepotrebujeme pre \u00fa\u010del, na ktor\u00fd ste n\u00e1m ich poskytli;<\/li><li>odvol\u00e1te svoj s\u00fahlas;<\/li><li>namietate vo\u010di sprac\u00favaniu va\u0161ich osobn\u00fdch \u00fadajov;<\/li><li>sprac\u00favame va\u0161e osobn\u00e9 \u00fadaje nez\u00e1konne;<\/li><li>osobn\u00e9 \u00fadaje musia by\u0165 vymazan\u00e9, aby sa t\u00fdm splnila z\u00e1konn\u00e1 povinnos\u0165;<br>\nd) Pr\u00e1vo na obmedzenie sprac\u00favania<br>\nM\u00f4\u017eete n\u00e1s po\u017eiada\u0165, aby sme obmedzili sprac\u00favanie va\u0161ich osobn\u00fdch \u00fadajov. Pokia\u013e va\u0161ej<br>\n\u017eiadosti vyhovieme, va\u0161e osobn\u00e9 \u00fadaje budeme iba uchov\u00e1va\u0165 a \u010falej s nimi pracova\u0165<br>\nnebudeme. K obmedzeniu sprac\u00favania va\u0161ich \u00fadajov d\u00f4jde, ak<\/li><li>n\u00e1m ozn\u00e1mite, \u017ee va\u0161e osobn\u00e9 \u00fadaje s\u00fa nespr\u00e1vne, a to a\u017e dok\u00fdm neover\u00edme ich spr\u00e1vnos\u0165;<\/li><li>sprac\u00favame va\u0161e osobn\u00e9 \u00fadaje nez\u00e1konne, av\u0161ak vy nes\u00fahlas\u00edte s ich vymazan\u00edm a na<br>\nmiesto toho \u017eiadate, aby sme sprac\u00favanie va\u0161ich osobn\u00fdch \u00fadajov len obmedzili;<br>\n-va\u0161e \u00fadaje u\u017e nepotrebujeme, ale potrebujete ich vy na preuk\u00e1zanie, uplat\u0148ovanie alebo<br>\nobhajovanie svojich pr\u00e1v;<\/li><li>namietate vo\u010di sprac\u00favaniu va\u0161ich osobn\u00fdch \u00fadajov, a to a\u017e k\u00fdm neover\u00edme, \u010di na\u0161e<br>\nopr\u00e1vnen\u00e9 z\u00e1ujmy preva\u017euj\u00fa nad va\u0161imi d\u00f4vodmi.<br>\ne) Pr\u00e1vo na prenosnos\u0165 \u00fadajov<br>\nM\u00e1te pr\u00e1vo \u017eiada\u0165, aby sme v\u00e1m poskytli va\u0161e osobn\u00e9 \u00fadaje v elektronickej forme, ktor\u00e1 v\u00e1m<br>\numo\u017en\u00ed \u013eahko si prenies\u0165 \u00fadaje do inej spolo\u010dnosti. Va\u0161ej \u017eiadosti vyhovieme v pr\u00edpade, \u017ee<br>\nste n\u00e1m poskytli osobn\u00e9 \u00fadaje priamo vy a dali ste n\u00e1m na ich sprac\u00favanie s\u00fahlas.<br>\nf) Pr\u00e1vo namieta\u0165<br>\nM\u00e1te pr\u00e1vo namieta\u0165, \u017ee sprac\u00favame va\u0161e osobn\u00e9 \u00fadaje. Na z\u00e1klade n\u00e1mietky va\u0161e osobn\u00e9<br>\n\u00fadaje vyma\u017eeme. Ak va\u0161e osobn\u00e9 \u00fadaje sprac\u00favame v nasledovn\u00fdch pr\u00edpadoch:<\/li><li>na z\u00e1klade s\u00fahlasu,<\/li><li>z d\u00f4vodu n\u00e1\u0161ho opr\u00e1vnen\u00e9ho z\u00e1ujmu,<br>\nm\u00f4\u017eete namieta\u0165 ich sprac\u00favanie, ak m\u00e1te na to osobn\u00e9 d\u00f4vody.<br>\nAko m\u00f4\u017eete tieto pr\u00e1va vykon\u00e1va\u0165? S va\u0161ou \u017eiados\u0165ou sa m\u00f4\u017eete na n\u00e1s obr\u00e1ti\u0165: emailom na<br>\nadresu: info@sexagent.eu tel.: +421 949 xxx xxxx<\/li><\/ul>\n\n\n\n<ul><li>IP Adresa a Cookies<br> Je s\u00fabor \u010d\u00edsiel jednozna\u010dne identifikuj\u00faci zariadenie v po\u010d\u00edta\u010dovej sieti. IP adresu mo\u017eno z<br> h\u013eadiska ochrany osobn\u00fdch \u00fadajov ozna\u010di\u0165 za \u00fadaj t\u00fdkaj\u00faci sa identifikovate\u013enej osoby.<br> IP adresa sa st\u00e1va osobn\u00fdm \u00fadajom ak:<br> \uf0b7 IP adresa je osobn\u00fdm \u00fadajom, ak ju sprac\u00fava poskytovate\u013e internetov\u00e9ho pripojenia<br> spolo\u010dne s inou identifik\u00e1ciou (meno, email\u2026),<br> \uf0b7 statick\u00e9 IP adresy vyu\u017e\u00edvan\u00e9 fyzick\u00fdmi osobami \/ jednotlivcami je potrebn\u00e9<br> pova\u017eova\u0165 za osobn\u00e9 \u00fadaje,<br> \uf0b7 dynamick\u00e1 IP adresa bude pova\u017eovan\u00e1 za osobn\u00fd \u00fadaj v pr\u00edpade, ke\u010f poskytovate\u013e<br> online slu\u017eieb bude sprac\u00fava\u0165 spolo\u010dne s dynamickou IP adresou aj \u010fal\u0161ie<br> identifik\u00e1tory pova\u017eovan\u00e9 za osobn\u00e9 \u00fadaje (napr. meno, priezvisko, mail a pod.).<br> S\u00fabory cookies vyu\u017e\u00edvame na:<br> \uf0b7 spr\u00e1vnu funk\u010dnos\u0165 Internetovej str\u00e1nky<br> \uf0b7 Google Analytics<br> \uf0b7 sledovaniu n\u00e1v\u0161tevnosti<\/li><li>Vybavenie \u017eiadost\u00ed<br> V\u0161etk\u00fdmi va\u0161imi \u017eiados\u0165ami sa budeme zaobera\u0165 a o v\u00fdsledku jej vybavenia v\u00e1s budeme<br> informova\u0165 rovnak\u00fdm sp\u00f4sobom, ako \u017eiados\u0165 pod\u00e1te. Pri vybavovan\u00ed va\u0161ej \u017eiadosti o v\u00fdkon<br> pr\u00e1va dotknutej osoby pod\u013ea GDPR v\u00e1s m\u00f4\u017eeme po\u017eiada\u0165 o d\u00f4veryhodn\u00e9 overenie va\u0161ej<br> toto\u017enosti.<br> Ka\u017ed\u00e1 Va\u0161a \u017eiados\u0165 o v\u00fdkon pr\u00e1va dotknutej osoby bude individu\u00e1lne a kompetentne<br> pos\u00faden\u00e1, pri\u010dom o v\u00fdsledku V\u00e1s budeme v\u017edy informova\u0165 najnesk\u00f4r do jedn\u00e9ho mesiaca od<br> prijatia \u017eiadosti. Proces vybavenia \u017eiadosti spojenej s v\u00fdkonom pr\u00e1va dotknutej osoby pod\u013ea<br> GDPR je bezplatn\u00e9.<br> V pr\u00edpade, ak by sme Va\u0161u \u017eiados\u0165 o v\u00fdkon pr\u00e1va dotknutej osoby nevybavili pod\u013ea Va\u0161ej<br> mienky v s\u00falade s GDPR, m\u00e1te mo\u017enos\u0165 poda\u0165 s\u0165a\u017enos\u0165 dozorn\u00e9mu org\u00e1nu<br> (www.dataprotection.gov.sk).<\/li><\/ul>\n","protected":false},"excerpt":{"rendered":"<p>Z\u00e1sady ochrany osobn\u00fdch \u00fadajov Kto sme? Va\u0161e osobn\u00e9 \u00fadaje sprac\u00fava prev\u00e1dzkovate\u013e Internetovej str\u00e1nky: CORP solution spol. s.r.o. I\u010cO: 51 197 944 DI\u010c: 212 0632 239 S\u00eddlo: Karpatsk\u00e9 n\u00e1mestie 10A, 831 06 Bratislava &#8211; Ra\u010da (\u010falej len \u201eprev\u00e1dzkovate\u013e\u201c). Kontakt: e-mail: myvrslovakia@gmail.com Ak\u00e9 osobn\u00e9 \u00fadaje sprac\u00favame? Kontakt Aby ste n\u00e1s mohli skontaktova\u0165 v z\u00e1ujme poskytn\u00fa\u0165 v\u00e1m \u010fal\u0161ie&hellip; <br \/> <a class=\"read-more\" href=\"https:\/\/www.virtualnyweb.sk\/?page_id=298\">Read more<\/a><\/p>\n","protected":false},"author":1,"featured_media":0,"parent":0,"menu_order":0,"comment_status":"closed","ping_status":"closed","template":"","meta":{"footnotes":""},"_links":{"self":[{"href":"https:\/\/www.virtualnyweb.sk\/index.php?rest_route=\/wp\/v2\/pages\/298"}],"collection":[{"href":"https:\/\/www.virtualnyweb.sk\/index.php?rest_route=\/wp\/v2\/pages"}],"about":[{"href":"https:\/\/www.virtualnyweb.sk\/index.php?rest_route=\/wp\/v2\/types\/page"}],"author":[{"embeddable":true,"href":"https:\/\/www.virtualnyweb.sk\/index.php?rest_route=\/wp\/v2\/users\/1"}],"replies":[{"embeddable":true,"href":"https:\/\/www.virtualnyweb.sk\/index.php?rest_route=%2Fwp%2Fv2%2Fcomments&post=298"}],"version-history":[{"count":2,"href":"https:\/\/www.virtualnyweb.sk\/index.php?rest_route=\/wp\/v2\/pages\/298\/revisions"}],"predecessor-version":[{"id":300,"href":"https:\/\/www.virtualnyweb.sk\/index.php?rest_route=\/wp\/v2\/pages\/298\/revisions\/300"}],"wp:attachment":[{"href":"https:\/\/www.virtualnyweb.sk\/index.php?rest_route=%2Fwp%2Fv2%2Fmedia&parent=298"}],"curies":[{"name":"wp","href":"https:\/\/api.w.org\/{rel}","templated":true}]}}